{"id":186,"date":"2017-05-30T08:01:54","date_gmt":"2017-05-30T07:01:54","guid":{"rendered":"https:\/\/2017.zagreb.wordcamp.org\/?page_id=186"},"modified":"2017-09-12T15:11:51","modified_gmt":"2017-09-12T14:11:51","slug":"press-clipping","status":"publish","type":"page","link":"https:\/\/zagreb.wordcamp.org\/2017\/media\/press-clipping\/","title":{"rendered":"Press Clipping"},"content":{"rendered":"<p>WordCamp Zagreb in Media.<\/p>\n<p><strong>6. 9. 2017. ICT Business:<\/strong>\u00a0<a href=\"http:\/\/www.ictbusiness.info\/vijesti\/odrzan-wordcamp-zagreb\">Odr\u017ean WordCamp Zagreb<\/a><\/p>\n<p><strong>6. 9. 2017. CroPC:<\/strong>\u00a0<a href=\"http:\/\/www.cropc.net\/it-vijesti\/dogadaji\/7503-odrzano-najvece-okupljanje-hrvatske-wordpress-zajednice\">Odr\u017eano najve\u0107e okupljanje hrvatske WordPress zajednice<\/a><\/p>\n<p><strong>5. 9. 2017. Telegram:<\/strong> <a href=\"http:\/\/www.telegram.hr\/biznis-tech\/bio-smo-na-wordcampu-vaznoj-wordpress-konferenciji-na-kojoj-je-nastupio-i-tmg-ov-marko-banusic\/\">Bili smo na Wordcampu, va\u017enoj WordPress konferenciji na kojoj je nastupio i TMG-ov Marko Banu\u0161i\u0107<\/a><\/p>\n<p><strong>5. 9. 2017. IT Biz Crunch:<\/strong> <a href=\"http:\/\/itbizcrunch.com\/index.php\/objave\/item\/4685-wordcamp-zagreb-2017-vise-od-400-posjetitelja-na-najvecoj-hrvatskoj-konferenciji-o-wordpressu\">WordCamp Zagreb 2017: Vi\u0161e od 400 posjetitelja na najve\u0107oj hrvatskoj konferenciji o WordPressu<\/a><\/p>\n<p><strong>5. 9. 2017. Bug:<\/strong> <a href=\"http:\/\/www.bug.hr\/vijesti\/wordcamp-zagreb-privukao-veliki-interes-wordpress\/162047.aspx\" rel=\"nofollow\">WordCamp Zagreb privukao veliki interes WordPress zajednice<\/a><\/p>\n<p><strong>5. 9. 2017. studentski.hr:<\/strong> <a href=\"http:\/\/studentski.hr\/vijesti\/hrvatska\/video-odrzano-najvece-okupljanje-hrvatske-wordpress-zajednice\">VIDEO: Odr\u017eano najve\u0107e okupljanje hrvatske WordPress zajednice<\/a><\/p>\n<p><strong>4. 9. 2017. racunalo.com:<\/strong> <a href=\"http:\/\/www.racunalo.com\/wordcamp-zagreb-2017-najveca-hrvatska-konferencija-o-wordpressu-okupila-vise-od-400-sudionika\/\">WordCamp Zagreb 2017 \u2013 najve\u0107a hrvatska konferencija o WordPressu okupila vi\u0161e od 400 sudionika<\/a><\/p>\n<p><strong>4. 9. 2017. Zimo:<\/strong> <a href=\"https:\/\/zimo.dnevnik.hr\/clanak\/vise-od-400-sudionika-na-najvecoj-hrvatskoj-konferenciji-o-wordpressu---487980.html\">Vi\u0161e od 400 sudionika na najve\u0107oj hrvatskoj konferenciji o WordPressu<\/a><\/p>\n<p><strong>4. 9. 2017. Ve\u010dernji list:<\/strong> <a href=\"https:\/\/www.vecernji.hr\/techsci\/wordpress-zajednica-slusala-o-tome-kako-uspjeti-na-svjetskom-trzistu-1192261\" rel=\"nofollow\">WordPress zajednica slu\u0161ala o tome kako uspjeti na svjetskom tr\u017ei\u0161tu<\/a><\/p>\n<p><strong>4. 9. 2017. Metro Portal:<\/strong> <a href=\"http:\/\/metro-portal.rtl.hr\/odrzan-wordcamp-zagreb\/107119\">Odr\u017ean WordCamp Zagreb<\/a><\/p>\n<p><strong>4. 9. 2017. HINA:<\/strong> <a href=\"https:\/\/www.hina.hr\/vijest\/9579358\">OTS: Odr\u017ean WordCamp Zagreb: Vi\u0161e od 400 posjetitelja okupilo se na najve\u0107oj hrvatskoj konferenciji o WordPressu<\/a><\/p>\n<p><strong>4. 9. 2017. Netokracija:<\/strong> <a href=\"http:\/\/www.netokracija.com\/wordcamp-zagreb-nela-dunato-140461\" rel=\"nofollow\">Za\u0161to je osobni brending va\u017ean dizajnerima, freelancerima i \u2013 malim tvrtkama<\/a><\/p>\n<p><strong>4. 9. 2017. RTL:<\/strong> <a href=\"http:\/\/www.vijesti.rtl.hr\/promo\/2717755\/tijekom-vikenda-odrzano-najvece-okupljanje-hrvatske-wordpress-zajednice\/\">Tijekom vikenda odr\u017eano najve\u0107e okupljanje hrvatske WordPress zajednice<\/a><\/p>\n<p><strong>4. 9. 2017. prvi.hr (Media servis):<\/strong> <a href=\"http:\/\/www.prvi.hr\/prvi-hr\/zg-info\/wordcamp-zagreb-odrzano-najvece-okupljanje-hrvatske-wordpress-zajednice\">WordCamp Zagreb: Odr\u017eano najve\u0107e okupljanje hrvatske WordPress zajednice<\/a><\/p>\n<p><strong>3. 9. 2017. Mre\u017ea:<\/strong>\u00a0<a href=\"http:\/\/mreza.bug.hr\/trodnevno-okupljanje-hrvatske-wordpress-zajednice\/\">Trodnevno okupljanje hrvatske WordPress zajednice<\/a><\/p>\n<p><strong>1. 9. 2017. Telegram:<\/strong> <a href=\"http:\/\/www.telegram.hr\/biznis-tech\/danas-u-zagrebu-pocinje-wordcamp-velika-konferencija-o-wordpressu-nastupa-i-nas-marko-banusic\/\">Danas u Zagrebu po\u010dinje Wordcamp, velika konferencija o WordPressu.<\/a><\/p>\n<p><strong>1. 9. 2017. Studentski.hr:<\/strong>\u00a0<a href=\"http:\/\/studentski.hr\/vijesti\/hrvatska\/dio-wordpress-zajednice-od-60-milijuna-ljudi-okuplja-se-u-zagrebu\">Dio WordPress zajednice od 60 milijuna ljudi okuplja se u Zagrebu<\/a><\/p>\n<p><strong>1. 9. 2017. Metro Portal:<\/strong> <a href=\"http:\/\/metro-portal.rtl.hr\/sutra-wordcamp-zagreb-u-msu\/107063\">Sutra WordCamp Zagreb u MSU<\/a><\/p>\n<p><strong>31. 8. 2017. RTL:<\/strong>\u00a0<a href=\"http:\/\/www.vijesti.rtl.hr\/novosti\/hrvatska\/2716457\/trodnevno-okupljanje-hrvatske-wordpress-zajednice-wordcamp-ovaj-tjedan-u-zagrebu\/\">Trodnevno okupljanje hrvatske WordPress zajednice, WordCamp, ovaj tjedan u Zagrebu<\/a><\/p>\n<p><strong>29. 8. 2017. Zimo:<\/strong> <a href=\"https:\/\/zimo.dnevnik.hr\/clanak\/velik-interes-za-besplatne-radionice-na-wordcamp-zagre---487381.html\">Velik interes za besplatne radionice na WordCamp Zagreb<\/a><\/p>\n<p><strong>28. 8. 2017. CroPc:<\/strong> <a href=\"http:\/\/www.cropc.net\/it-vijesti\/dogadaji\/7459-wordcamp-ovaj-tjedan-u-zagrebu\">WordCamp ovaj tjedan u Zagrebu<\/a><\/p>\n<p><strong>28. 8. 2017. sisak.info:<\/strong> <a href=\"http:\/\/www.sisak.info\/jos-malo-pa-nestalo-za-wordcamp-zagreb-2017-ostalo-tek-desetak-ulaznica\/\">Jo\u0161 malo pa nestalo: Za WordCamp Zagreb 2017 ostalo tek desetak ulaznica<\/a><\/p>\n<p><strong>28. 8. 2017. Sjedi 5:<\/strong> <a href=\"http:\/\/sjedi5.com\/magazin\/wordcamp-zagreb-2017\/\">Okupljanje WordPress zajednice po prvi puta se odr\u017eava u Zagrebu i vjeruje se kako \u0107e okupiti najve\u0107i broj sudionika do sada&#8230;<\/a><\/p>\n<p><strong>28. 8. 2017. PlanB:<\/strong> <a href=\"http:\/\/planb.hr\/spremno-wordcamp-zagreb\/\">Sve je spremno za WordCamp Zagreb!<\/a><\/p>\n<p><strong>28. 8. 2017 HINA:<\/strong>\u00a0<a href=\"https:\/\/www.hina.hr\/vijest\/9574294\">OTS: Vi\u0161e od 300 prijavljenih za ovotjedni WordCamp u Zagrebu &#8211; 01.09.-03.09.2017.<\/a><\/p>\n<p><strong>28. 8. 2017. Metro Portal:<\/strong>\u00a0<a href=\"http:\/\/metro-portal.rtl.hr\/wordcamp-zagreb-od-1-do-3-rujna\/106997\">WordCamp Zagreb od 1. do 3. rujna<\/a><\/p>\n<p><strong>28. 8. 2017. Netokracija:<\/strong>\u00a0<a href=\"http:\/\/www.netokracija.com\/wordcamp-zagreb-2017-ulaznice-140210\" rel=\"nofollow\">Jo\u0161 malo pa nestalo: Za WordCamp Zagreb 2017 ostalo tek desetak ulaznica<\/a><\/p>\n<p><strong>16. 8. \u00a02017. CroPc:<\/strong>\u00a0<a href=\"http:\/\/www.cropc.net\/45-cropc\/7419-wordcamp-zagreb-objavljen-raspored-i-otvorene-prijave-za-besplatne-radionice\">WordCamp Zagreb &#8211; objavljen raspored i otvorene prijave za besplatne radionice<\/a><\/p>\n<p><strong>15. 8. 2017. ICT Business:<\/strong>\u00a0<a href=\"http:\/\/www.ictbusiness.info\/vijesti\/objavljen-raspored-za-wordcamp-zagreb\">Objavljen raspored za WordCamp Zagreb<\/a><\/p>\n<p><strong>14. 8. 2017. Netokracija<\/strong>:\u00a0<a href=\"http:\/\/www.netokracija.com\/besplatne-radionice-wordcamp-zagreb-139943\" rel=\"nofollow\">Koje sve besplatne radionice mo\u017eete poha\u0111ati na WordCampu u Zagrebu?<\/a><\/p>\n<p><strong>12. 8. 2017. Ra\u010dunalo.com:<\/strong>\u00a0<a href=\"http:\/\/www.racunalo.com\/wordcamp-zagreb-objavljen-raspored-i-otvorene-prijave-za-besplatne-radionice\/\">WordCamp Zagreb \u2013 objavljen raspored i otvorene prijave za besplatne radionice<\/a><\/p>\n<p><strong>12. 8. 2017. Zimo:<\/strong>\u00a0<a href=\"https:\/\/zimo.dnevnik.hr\/clanak\/wordcamp-organizira-besplatne-radionice-o-wordpressu---485619.html\">WordCamp organizira besplatne radionice o WordPressu<\/a><\/p>\n<p><strong>11. 8. 2017. Metro portal:<\/strong> <a href=\"http:\/\/metro-portal.rtl.hr\/wordcamp-zagreb-besplatne-radionice-o-web-tehnologijama-i-wordpressu\/106669\">WordCamp Zagreb: Besplatne radionice o web tehnologijama i WordPressu<\/a><\/p>\n<p><strong>11. 8. 2017. Ve\u010dernji list<\/strong>:\u00a0<a href=\"https:\/\/www.vecernji.hr\/techsci\/besplatne-radionice-o-web-tehnologijama-i-wordpressu-1187947\" rel=\"nofollow\">Besplatne radionice o web tehnologijama i WordPressu<\/a><\/p>\n<p><strong>11. 8. 2017. Mre\u017ea:<\/strong>\u00a0<a href=\"http:\/\/mreza.bug.hr\/besplatne-radionice-wordcampa-zagreb\/\">Besplatne radionice WordCampa Zagreb<\/a><\/p>\n<p><strong>11. 8. 2017. Bug<\/strong>:\u00a0<a href=\"http:\/\/www.bug.hr\/vijesti\/wordcamp-zagreb-objavljen-raspored-otvorene\/161685.aspx\" rel=\"nofollow\">WordCamp Zagreb: Objavljen raspored i otvorene prijave za besplatne radionice o WordPressu<\/a><\/p>\n<p><strong>11. 8. 2017. HINA<\/strong>:\u00a0<a href=\"https:\/\/www.hina.hr\/vijest\/9558916\">WordCamp Zagreb: Objavljen raspored i otvorene prijave za besplatne radionice o WordPressu, web tehnologijama i vje\u0161tinama vezanim uz osobni razvoj<\/a><\/p>\n<p><strong>21. 7. 2017. Total Croatia News<\/strong>:\u00a0<a href=\"http:\/\/www.total-croatia-news.com\/lifestyle\/20577-zagreb-to-host-wordcamp-3-in-september\">Zagreb to Host WordCamp #3 in September<\/a><\/p>\n<p><strong>19. 7. 2017. WordPress Tavern<\/strong>:\u00a0<a href=\"https:\/\/wptavern.com\/zagreb-to-host-3rd-wordcamp-in-croatia-september-1-3\">Zagreb to Host 3rd WordCamp in Croatia, September 1-3<\/a><\/p>\n<p><strong>10. 7. 2017. CroPc<\/strong>:\u00a0<a href=\"http:\/\/www.cropc.net\/it-vijesti\/dogadaji\/7316-objavljen-raspored-predavanja-i-otvorena-prodaja-ulaznica-za-najvece-okupljanje-wordpress-zajednice-u-hrvatskoj\">Objavljen raspored predavanja i otvorena prodaja ulaznica za najve\u0107e okupljanje WordPress zajednice u Hrvatskoj<\/a><\/p>\n<p><strong>8. 7. 2017. Ra\u010dunalo.com<\/strong>:\u00a0<a href=\"http:\/\/www.racunalo.com\/wordcamp-zagreb-2017-objavljen-raspored-predavanja-i-otvorena-prodaja-ulaznica\/\">WordCamp Zagreb 2017 \u2013 objavljen raspored predavanja i otvorena prodaja ulaznica<\/a><\/p>\n<p><strong>7. 7. 2017. Zimo<\/strong>:\u00a0<a href=\"https:\/\/zimo.dnevnik.hr\/clanak\/wordcamp-u-rujnu-dolazi-u-zagreb---482032.html\">WordCamp u rujnu dolazi u Zagreb<\/a><\/p>\n<p><strong>7. 7. 2017. ICT Business<\/strong>:\u00a0<a href=\"http:\/\/www.ictbusiness.info\/vijesti\/objavljen-raspored-dogadanja-na-ovogodisnjem-wordcampu\">Objavljen raspored doga\u0111anja na ovogodi\u0161njem WordCampu<\/a><\/p>\n<p><strong>6. 7. 2017. Tportal<\/strong>:\u00a0<a href=\"https:\/\/www.tportal.hr\/tehno\/clanak\/u-rujnu-najvece-okupljanje-wordpress-zajednice-u-hrvatskoj-20170706\">U rujnu najve\u0107e okupljanje WordPress zajednice u Hrvatskoj<\/a><\/p>\n<p><strong>6. 7. 2017. Mre\u017ea<\/strong>:\u00a0<a href=\"http:\/\/mreza.bug.hr\/najvece-okupljanje-wordpress-zajednice-u-hrvatskoj\/\">Najve\u0107e okupljanje WordPress zajednice u Hrvatskoj<\/a><\/p>\n<p><strong>6. 7. 2017. Bug<\/strong>:\u00a0<a href=\"http:\/\/www.bug.hr\/vijesti\/objavljen-raspored-predavanja-wordcampa-zagreb\/161174.aspx\" rel=\"nofollow\">Objavljen raspored predavanja WordCampa Zagreb<\/a><\/p>\n<p><strong>6. 7 .2017. Ve\u010dernji list<\/strong>:\u00a0<a href=\"https:\/\/www.vecernji.hr\/techsci\/otvorena-prodaja-ulaznica-za-najvece-okupljanje-wordpress-zajednice-u-hrvatskoj-wordcamp-1180898\" rel=\"nofollow\">Otvorena prodaja ulaznica za najve\u0107e okupljanje WordPress zajednice u Hrvatskoj<\/a><\/p>\n<p><strong>6. 7 .2017. Netokracija<\/strong>:\u00a0<a href=\"http:\/\/www.netokracija.com\/wordcamp-zagreb-raspored-ulaznice-138531\" rel=\"nofollow\">Poznata cijena ulaznica i raspored najve\u0107eg okupljanja WordPress zajednice u Hrvatskoj<\/a><\/p>\n<p><strong>6. 7 .2017. Hina<\/strong>:\u00a0<a href=\"https:\/\/www.hina.hr\/vijest\/9533146\">OTS: WordCamp Zagreb: Objavljen raspored predavanja i otvorena prodaja ulaznica za najve\u0107e okupljanje WordPress zajednice u Hrvatskoj<\/a><\/p>\n<p><strong>27. 6. 2017. Ve\u010dernji list (Prilog Smart)<\/strong>: <a href=\"https:\/\/www.vecernji.hr\/techsci\/u-zagrebu-ce-se-odrzati-najvece-okupljanje-wordpress-zajednice-wordcamp-lucija-blagonic-1179722\" rel=\"nofollow\">Okupljanje hrvatske WordPress zajednice<\/a> [Tiskano i web izdanje]<\/p>\n<p><strong>27. 6. 2017. Neuralab<\/strong>: <a href=\"https:\/\/www.neuralab.net\/announcement-wchr-wordcamp-croatia-zagreb-2017\/\" rel=\"nofollow\">Announcement WordCamp Zagreb 2017<\/a><\/p>\n<p><strong>30. 5. 2017. Netokracija:<\/strong>\u00a0<a href=\"http:\/\/www.netokracija.com\/wordpress-online-drzavni-projekti-136793\" rel=\"nofollow\">Za\u0161to su WordPress i \u2018open source\u2019 aplikacije odli\u010dno rje\u0161enje za dr\u017eavne online projekte<\/a><\/p>\n<p><strong>28. 5. 2017. The Dubrovnik Times:<\/strong>\u00a0<a href=\"http:\/\/thedubrovniktimes.com\/news\/croatia\/item\/2471-wordpress-international-community-to-meet-in-zagreb\">WordPress international community to meet in Zagreb<\/a><\/p>\n<p><strong>25. 5. 2017. Zimo:<\/strong>\u00a0<a href=\"https:\/\/zimo.dnevnik.hr\/clanak\/interview-kresimir-koncic-nasa-bransa-je-idealna-za-eksperimentiranje-izazova-nikada-ne-nedostaje---477720.html\">Interview Kre\u0161imir Kon\u010di\u0107: Na\u0161a bran\u0161a je idealna za eksperimentiranje, izazova nikada ne nedostaje<\/a><\/p>\n<p><strong>23. 5. 2017. ICT Business:<\/strong>\u00a0<a href=\"http:\/\/www.ictbusiness.info\/vijesti\/pocetkom-rujna-u-zagrebu-se-na-wordcampu-okuplja-hrvatska-wordpress-zajednica\" target=\"_blank\" rel=\"noopener noreferrer\">Po\u010detkom rujna u Zagrebu se na WordCampu okuplja hrvatska WordPress zajednica<\/a><\/p>\n<p><strong>23. 5. 2017. Tportal:\u00a0<\/strong><a href=\"https:\/\/www.tportal.hr\/tehno\/clanak\/naucite-sve-o-wordpressu-u-zagrebu-20170523\" target=\"_blank\" rel=\"noopener noreferrer\">Nau\u010dite sve o WordPressu u Zagrebu<\/a><\/p>\n<p><strong>22. 5. 2017. Netokracija:<\/strong>\u00a0<a href=\"http:\/\/www.netokracija.com\/wordcamp-zagreb-2017-136421\" target=\"_blank\" rel=\"noopener noreferrer nofollow\">Po\u010detak rujna rezervirajte za WordCamp Zagreb \u2013 a danas prijavite svoja predavanja!<\/a><\/p>\n<p><strong>22. 5. 2017. Lider:<\/strong> <a href=\"https:\/\/lider.media\/aktualno\/najvece-godisnje-okupljanje-wordpress-zajednice-prvi-put-u-zagrebu\/\" target=\"_blank\" rel=\"noopener noreferrer\">Najve\u0107e godi\u0161nje okupljanje WordPress zajednice prvi put u Zagrebu<\/a><\/p>\n<p><strong>22. 5. 2017. Ve\u010dernji list:\u00a0<\/strong><a href=\"https:\/\/www.vecernji.hr\/techsci\/wordcamp-zagreb-okupit-ce-najvecu-wordpress-zajednicu-u-hrvatskoj-1171405\" target=\"_blank\" rel=\"noopener noreferrer nofollow\">WordCamp Zagreb okupit \u0107e najve\u0107u WordPress zajednicu u Hrvatskoj<\/a><\/p>\n<p><strong>22. 5. 2017. Bug:\u00a0<\/strong><a href=\"http:\/\/www.bug.hr\/vijesti\/wordcamp-zagreb-pocetkom-rujna\/160434.aspx\" target=\"_blank\" rel=\"noopener noreferrer nofollow\">WordCamp Zagreb po\u010detkom rujna<\/a><\/p>\n<p><strong>22. 5. 2017.\u00a0Mre\u017ea:<\/strong>\u00a0<a href=\"http:\/\/mreza.bug.hr\/najava-wordcamp-zagreb\/\" target=\"_blank\" rel=\"noopener noreferrer\">Najava: WordCamp Zagreb<\/a><\/p>\n","protected":false},"excerpt":{"rendered":"<p>WordCamp Zagreb in Media. 6. 9. 2017. ICT Business:\u00a0Odr\u017ean WordCamp Zagreb 6. 9. 2017. CroPC:\u00a0Odr\u017eano najve\u0107e okupljanje hrvatske WordPress zajednice 5. 9. 2017. Telegram: Bili smo na Wordcampu, va\u017enoj WordPress konferenciji na kojoj je nastupio i TMG-ov Marko Banu\u0161i\u0107 5. 9. 2017. IT Biz Crunch: WordCamp Zagreb 2017: Vi\u0161e od 400 posjetitelja na najve\u0107oj hrvatskoj [&hellip;]<\/p>\n","protected":false},"author":7516036,"featured_media":0,"parent":754,"menu_order":0,"comment_status":"closed","ping_status":"closed","template":"","meta":{"jetpack_post_was_ever_published":false,"footnotes":""},"class_list":["post-186","page","type-page","status-publish","hentry"],"jetpack_sharing_enabled":true,"jetpack_shortlink":"https:\/\/wp.me\/P8r9dL-30","_links":{"self":[{"href":"https:\/\/zagreb.wordcamp.org\/2017\/wp-json\/wp\/v2\/pages\/186","targetHints":{"allow":["GET"]}}],"collection":[{"href":"https:\/\/zagreb.wordcamp.org\/2017\/wp-json\/wp\/v2\/pages"}],"about":[{"href":"https:\/\/zagreb.wordcamp.org\/2017\/wp-json\/wp\/v2\/types\/page"}],"author":[{"embeddable":true,"href":"https:\/\/zagreb.wordcamp.org\/2017\/wp-json\/wp\/v2\/users\/7516036"}],"replies":[{"embeddable":true,"href":"https:\/\/zagreb.wordcamp.org\/2017\/wp-json\/wp\/v2\/comments?post=186"}],"version-history":[{"count":28,"href":"https:\/\/zagreb.wordcamp.org\/2017\/wp-json\/wp\/v2\/pages\/186\/revisions"}],"predecessor-version":[{"id":2064,"href":"https:\/\/zagreb.wordcamp.org\/2017\/wp-json\/wp\/v2\/pages\/186\/revisions\/2064"}],"up":[{"embeddable":true,"href":"https:\/\/zagreb.wordcamp.org\/2017\/wp-json\/wp\/v2\/pages\/754"}],"wp:attachment":[{"href":"https:\/\/zagreb.wordcamp.org\/2017\/wp-json\/wp\/v2\/media?parent=186"}],"curies":[{"name":"wp","href":"https:\/\/api.w.org\/{rel}","templated":true}]}}