{"id":1189,"date":"2017-08-09T13:12:43","date_gmt":"2017-08-09T12:12:43","guid":{"rendered":"https:\/\/2017.zagreb.wordcamp.org\/?page_id=1189"},"modified":"2017-08-28T09:38:15","modified_gmt":"2017-08-28T08:38:15","slug":"workshops","status":"publish","type":"page","link":"https:\/\/zagreb.wordcamp.org\/2017\/schedule\/workshops\/","title":{"rendered":"Radionice \/ Workshops"},"content":{"rendered":"<p>Radionice se odr\u017eavaju u <strong>petak, 1. rujna 2017.<\/strong> u<strong> Visokom u\u010dili\u0161tu Algebra, Ilica 242, Zagreb<\/strong>\u00a0i besplatne su za sve, ali u slu\u010daju ve\u0107eg interesa prednost \u0107e imati oni s <a href=\"https:\/\/2017.zagreb.wordcamp.org\/tickets\/\">kupljenom kartom<\/a> za WordCamp Zagreb. Ve\u0107ina radionica je na hrvatskom jeziku, a <strong>radionice na engleskom jeziku ozna\u010dene su oznakom [English]<\/strong>. Radi se o radionicama &#8220;Learn how to use WordPress (workshop for kids)&#8221; Nele Dunato, &#8220;The Art of Public Speaking&#8221; Luce Sartonija i\u00a0&#8220;The Irresistible Power of Strategic Storytelling&#8221; Nevene Tomovi\u0107.<\/p>\n<ul>\n<li>Tra\u017eite raspored subotnjih predavanja? Objavili <a href=\"https:\/\/2017.zagreb.wordcamp.org\/schedule\/\">smo ga ovdje<\/a>.<\/li>\n<li>Are you searching for schedule of the Conference day? <a href=\"https:\/\/2017.zagreb.wordcamp.org\/schedule\/\">Find it here<\/a>.<\/li>\n<\/ul>\n<hr \/>\n<h2>Popis radionica<\/h2>\n<p>Radionice su podijeljene u \u010detiri grupe: Radionice za djecu, Biznis, Programiranje i Osobni razvoj. U svakoj grupi imat \u0107emo po 3 radionice, koje po\u010dinju u <strong>9:00<\/strong>, <strong>11:00<\/strong> i <strong>14:30<\/strong>.<\/p>\n<p>&nbsp;<\/p>\n<h3>Radionice za djecu<\/h3>\n<table class=\"wcpt-schedule\" border=\"0\"><thead><tr><th class=\"wcpt-col-time\">Time<\/th><th class=\"wcpt-col-track\"> <span class=\"wcpt-track-name\">Za klince<\/span> <span class=\"wcpt-track-description\"><\/span> <\/th><\/tr><\/thead><tbody><tr class=\"wcpt-time-0830 global-session registracija-registration\"><td class=\"wcpt-time\">08:30<\/td><td colspan=\"1\" class=\"wcb-track-biznis wcb-track-osobni-razvoj wcb-track-razvoj wcb-track-radionice-za-klince wcpt-session-type-custom wcb-session-registracija\" data-track-title=\"Biznis, Osobni razvoj, Programiranje, Za klince\" data-session-id=\"1186\"><div class=\"wcb-session-cell-content\"><span class=\"wcpt-session-title\">Registracija \/ Registration<\/span><\/div><\/td><\/tr><tr class=\"wcpt-time-0900 global-session english-learn-how-to-use-wordpress-workshop-for-kids\"><td class=\"wcpt-time\">09:00<\/td><td colspan=\"1\" class=\"wcb-speaker-nela-dunato wcb-track-radionice-za-klince wcpt-session-type-session wcb-session-learn-how-to-use-wordpress-workshop-for-kids\" data-track-title=\"Za klince\" data-session-id=\"1197\"><div class=\"wcb-session-cell-content\"><a class=\"wcpt-session-title\" href=\"https:\/\/zagreb.wordcamp.org\/2017\/session\/learn-how-to-use-wordpress-workshop-for-kids\/\">[English] Learn how to use WordPress (workshop for kids)<\/a> <span class=\"wcpt-session-speakers\"><a href=\"https:\/\/zagreb.wordcamp.org\/2017\/speakers\/#wcorg-speaker-nela-dunato\">Nela Dunato<\/a><\/span><\/div><div class=\"wcb-session-favourite-icon\"><a href=\"#\" role=\"button\" class=\"fav-session-button\" aria-pressed=\"false\"><span class=\"screen-reader-text\">Favorite session: [English] Learn how to use WordPress (workshop for kids)<\/span><span class=\"dashicons dashicons-star-filled\"><\/span><\/a><\/div><\/td><\/tr><tr class=\"wcpt-time-1100 global-session nauite-kako-koristiti-wordpress-radionica-za-djecu\"><td class=\"wcpt-time\">11:00<\/td><td colspan=\"1\" class=\"wcb-speaker-tomislav-negulic wcb-track-radionice-za-klince wcpt-session-type-session wcb-session-naucite-kako-koristiti-wordpress-radionica-za-djecu\" data-track-title=\"Za klince\" data-session-id=\"1200\"><div class=\"wcb-session-cell-content\"><a class=\"wcpt-session-title\" href=\"https:\/\/zagreb.wordcamp.org\/2017\/session\/naucite-kako-koristiti-wordpress-radionica-za-djecu\/\">Nau\u010dite kako koristiti WordPress (radionica za djecu)<\/a> <span class=\"wcpt-session-speakers\"><a href=\"https:\/\/zagreb.wordcamp.org\/2017\/speakers\/#wcorg-speaker-tomislav-negulic\">Tomislav Neguli\u0107<\/a><\/span><\/div><div class=\"wcb-session-favourite-icon\"><a href=\"#\" role=\"button\" class=\"fav-session-button\" aria-pressed=\"false\"><span class=\"screen-reader-text\">Favorite session: Nau\u010dite kako koristiti WordPress (radionica za djecu)<\/span><span class=\"dashicons dashicons-star-filled\"><\/span><\/a><\/div><\/td><\/tr><tr class=\"wcpt-time-1300 global-session pauza-za-ruak-lunch-break\"><td class=\"wcpt-time\">13:00<\/td><td colspan=\"1\" class=\"wcb-track-biznis wcb-track-osobni-razvoj wcb-track-razvoj wcb-track-radionice-za-klince wcpt-session-type-custom wcb-session-lunch-break\" data-track-title=\"Biznis, Osobni razvoj, Programiranje, Za klince\" data-session-id=\"1183\"><div class=\"wcb-session-cell-content\"><span class=\"wcpt-session-title\">Pauza za ru\u010dak \/ Lunch break<\/span><\/div><\/td><\/tr><tr class=\"wcpt-time-1430 global-session prvi-koraci-u-web-programiranju-radionica-za-djecu\"><td class=\"wcpt-time\">14:30<\/td><td colspan=\"1\" class=\"wcb-track-radionice-za-klince wcpt-session-type-session wcb-session-prvi-koraci-u-web-programiranju\" data-track-title=\"Za klince\" data-session-id=\"1202\"><div class=\"wcb-session-cell-content\"><a class=\"wcpt-session-title\" href=\"https:\/\/zagreb.wordcamp.org\/2017\/session\/prvi-koraci-u-web-programiranju\/\">Prvi koraci u web programiranju (radionica za djecu)<\/a><\/div><div class=\"wcb-session-favourite-icon\"><a href=\"#\" role=\"button\" class=\"fav-session-button\" aria-pressed=\"false\"><span class=\"screen-reader-text\">Favorite session: Prvi koraci u web programiranju (radionica za djecu)<\/span><span class=\"dashicons dashicons-star-filled\"><\/span><\/a><\/div><\/td><\/tr><\/tbody><\/table>\n\t<div class=\"email-form fav-session-email-form-hide\">\n\t\t<!-- Tab links -->\n\t\t<div class=\"fav-session-share-tab\">\n\t\t\t\t\t\t\t<div class=\"fav-session-tablinks\" id=\"fav-session-btn-email\">\n\t\t\t\t\tEmail\t\t\t\t<\/div>\n\t\t\t\n\t\t\t<div class=\"fav-session-tablinks\" id=\"fav-session-btn-link\">\n\t\t\t\tLink\t\t\t<\/div>\n\n\t\t\t<div class=\"fav-session-tablinks\" id=\"fav-session-btn-print\">\n\t\t\t\tPrint\t\t\t<\/div>\n\t\t<\/div>\n\n\t\t<!-- Tab content -->\n\t\t\t\t\t<div id=\"fav-session-tab-email\" class=\"fav-session-share-tabcontent\">\n\t\t\t\t<div id=\"fav-session-email-form\">\n\t\t\t\t\tSend me my favorite sessions:\n\t\t\t\t\t<form id=\"fav-sessions-form\">\n\t\t\t\t\t\t<input\n\t\t\t\t\t\t\ttype=\"text\"\n\t\t\t\t\t\t\tname=\"email_address\"\n\t\t\t\t\t\t\tid=\"fav-sessions-email-address\"\n\t\t\t\t\t\t\tplaceholder=\"me@protonmail.com\"\n\t\t\t\t\t\t\/>\n\t\t\t\t\t\t<input type=\"submit\" value=\"Send\" \/>\n\t\t\t\t\t<\/form>\n\t\t\t\t<\/div>\n\n\t\t\t\t<div class=\"fav-session-email-wait-spinner\"><\/div>\n\t\t\t\t<div class=\"fav-session-email-result\"><\/div>\n\t\t\t<\/div>\n\t\t\n\t\t<div id=\"fav-session-tab-link\" class=\"fav-session-share-tabcontent\">\n\t\t\tShareable link:\t\t\t<br \/>\n\t\t\t<a id=\"fav-sessions-link\" href=\"\"><\/a>\n\t\t<\/div>\n\n\t\t<div id=\"fav-session-tab-print\" class=\"fav-session-share-tabcontent\">\n\t\t\t<button id=\"fav-session-print\">\n\t\t\t\tPrint favorite sessions\t\t\t<\/button>\n\t\t<\/div>\n\t<\/div>\n\n\t<a class=\"show-email-form\" href=\"javascript:\">\n\t\t<span class=\"dashicons dashicons-star-filled\"><\/span>\n\t\t<span class=\"dashicons dashicons-email-alt\"><\/span>\n\t<\/a>\n\n\t\n<h3>Biznis<\/h3>\n<table class=\"wcpt-schedule\" border=\"0\"><thead><tr><th class=\"wcpt-col-time\">Time<\/th><th class=\"wcpt-col-track\"> <span class=\"wcpt-track-name\">Biznis<\/span> <span class=\"wcpt-track-description\"><\/span> <\/th><\/tr><\/thead><tbody><tr class=\"wcpt-time-0830 global-session registracija-registration\"><td class=\"wcpt-time\">08:30<\/td><td colspan=\"1\" class=\"wcb-track-biznis wcb-track-osobni-razvoj wcb-track-razvoj wcb-track-radionice-za-klince wcpt-session-type-custom wcb-session-registracija\" data-track-title=\"Biznis, Osobni razvoj, Programiranje, Za klince\" data-session-id=\"1186\"><div class=\"wcb-session-cell-content\"><span class=\"wcpt-session-title\">Registracija \/ Registration<\/span><\/div><\/td><\/tr><tr class=\"wcpt-time-0900 global-session osnove-wordpressa-radionica-za-odrasle\"><td class=\"wcpt-time\">09:00<\/td><td colspan=\"1\" class=\"wcb-speaker-tomislav-negulic wcb-track-biznis wcpt-session-type-session wcb-session-osnove-wordpressa-radionica-za-odrasle\" data-track-title=\"Biznis\" data-session-id=\"1195\"><div class=\"wcb-session-cell-content\"><a class=\"wcpt-session-title\" href=\"https:\/\/zagreb.wordcamp.org\/2017\/session\/osnove-wordpressa-radionica-za-odrasle\/\">Osnove WordPressa (radionica za odrasle)<\/a> <span class=\"wcpt-session-speakers\"><a href=\"https:\/\/zagreb.wordcamp.org\/2017\/speakers\/#wcorg-speaker-tomislav-negulic\">Tomislav Neguli\u0107<\/a><\/span><\/div><div class=\"wcb-session-favourite-icon\"><a href=\"#\" role=\"button\" class=\"fav-session-button\" aria-pressed=\"false\"><span class=\"screen-reader-text\">Favorite session: Osnove WordPressa (radionica za odrasle)<\/span><span class=\"dashicons dashicons-star-filled\"><\/span><\/a><\/div><\/td><\/tr><tr class=\"wcpt-time-1100 global-session ureivanje-internetskog-portala\"><td class=\"wcpt-time\">11:00<\/td><td colspan=\"1\" class=\"wcb-speaker-dario-markas wcb-track-biznis wcpt-session-type-session wcb-session-uredivanje-internetskog-portala\" data-track-title=\"Biznis\" data-session-id=\"1207\"><div class=\"wcb-session-cell-content\"><a class=\"wcpt-session-title\" href=\"https:\/\/zagreb.wordcamp.org\/2017\/session\/uredivanje-internetskog-portala\/\">Ure\u0111ivanje internetskog portala<\/a> <span class=\"wcpt-session-speakers\"><a href=\"https:\/\/zagreb.wordcamp.org\/2017\/speakers\/#wcorg-speaker-dario-markas\">Dario Markas<\/a><\/span><\/div><div class=\"wcb-session-favourite-icon\"><a href=\"#\" role=\"button\" class=\"fav-session-button\" aria-pressed=\"false\"><span class=\"screen-reader-text\">Favorite session: Ure\u0111ivanje internetskog portala<\/span><span class=\"dashicons dashicons-star-filled\"><\/span><\/a><\/div><\/td><\/tr><tr class=\"wcpt-time-1300 global-session pauza-za-ruak-lunch-break\"><td class=\"wcpt-time\">13:00<\/td><td colspan=\"1\" class=\"wcb-track-biznis wcb-track-osobni-razvoj wcb-track-razvoj wcb-track-radionice-za-klince wcpt-session-type-custom wcb-session-lunch-break\" data-track-title=\"Biznis, Osobni razvoj, Programiranje, Za klince\" data-session-id=\"1183\"><div class=\"wcb-session-cell-content\"><span class=\"wcpt-session-title\">Pauza za ru\u010dak \/ Lunch break<\/span><\/div><\/td><\/tr><tr class=\"wcpt-time-1430 global-session kako-napraviti-viejezini-wordpress-web\"><td class=\"wcpt-time\">14:30<\/td><td colspan=\"1\" class=\"wcb-speaker-dario-jazbec-hrvatin wcb-track-biznis wcpt-session-type-session wcb-session-kako-napraviti-visejezicni-wordpress-web\" data-track-title=\"Biznis\" data-session-id=\"1211\"><div class=\"wcb-session-cell-content\"><a class=\"wcpt-session-title\" href=\"https:\/\/zagreb.wordcamp.org\/2017\/session\/kako-napraviti-visejezicni-wordpress-web\/\">Kako napraviti vi\u0161ejezi\u010dni WordPress web<\/a> <span class=\"wcpt-session-speakers\"><a href=\"https:\/\/zagreb.wordcamp.org\/2017\/speakers\/#wcorg-speaker-dario-jazbec-hrvatin\">Dario Jazbec Hrvatin<\/a><\/span><\/div><div class=\"wcb-session-favourite-icon\"><a href=\"#\" role=\"button\" class=\"fav-session-button\" aria-pressed=\"false\"><span class=\"screen-reader-text\">Favorite session: Kako napraviti vi\u0161ejezi\u010dni WordPress web<\/span><span class=\"dashicons dashicons-star-filled\"><\/span><\/a><\/div><\/td><\/tr><\/tbody><\/table>\n<h3>Programiranje<\/h3>\n<table class=\"wcpt-schedule\" border=\"0\"><thead><tr><th class=\"wcpt-col-time\">Time<\/th><th class=\"wcpt-col-track\"> <span class=\"wcpt-track-name\">Programiranje<\/span> <span class=\"wcpt-track-description\"><\/span> <\/th><\/tr><\/thead><tbody><tr class=\"wcpt-time-0830 global-session registracija-registration\"><td class=\"wcpt-time\">08:30<\/td><td colspan=\"1\" class=\"wcb-track-biznis wcb-track-osobni-razvoj wcb-track-razvoj wcb-track-radionice-za-klince wcpt-session-type-custom wcb-session-registracija\" data-track-title=\"Biznis, Osobni razvoj, Programiranje, Za klince\" data-session-id=\"1186\"><div class=\"wcb-session-cell-content\"><span class=\"wcpt-session-title\">Registracija \/ Registration<\/span><\/div><\/td><\/tr><tr class=\"wcpt-time-0900 global-session vizualizacija-podataka-uz-google-data-studio\"><td class=\"wcpt-time\">09:00<\/td><td colspan=\"1\" class=\"wcb-speaker-marko-hrnjak wcb-track-razvoj wcpt-session-type-session wcb-session-vizualizacija-podataka-uz-google-data-studio\" data-track-title=\"Programiranje\" data-session-id=\"1215\"><div class=\"wcb-session-cell-content\"><a class=\"wcpt-session-title\" href=\"https:\/\/zagreb.wordcamp.org\/2017\/session\/vizualizacija-podataka-uz-google-data-studio\/\">Vizualizacija podataka uz Google Data studio<\/a> <span class=\"wcpt-session-speakers\"><a href=\"https:\/\/zagreb.wordcamp.org\/2017\/speakers\/#wcorg-speaker-marko-hrnjak\">Marko Hrnjak<\/a><\/span><\/div><div class=\"wcb-session-favourite-icon\"><a href=\"#\" role=\"button\" class=\"fav-session-button\" aria-pressed=\"false\"><span class=\"screen-reader-text\">Favorite session: Vizualizacija podataka uz Google Data studio<\/span><span class=\"dashicons dashicons-star-filled\"><\/span><\/a><\/div><\/td><\/tr><tr class=\"wcpt-time-1100 global-session moj-prvi-wordpress-plugin\"><td class=\"wcpt-time\">11:00<\/td><td colspan=\"1\" class=\"wcb-speaker-konrad-leon-toldy wcb-track-razvoj wcpt-session-type-session wcb-session-moj-prvi-wordpress-plugin\" data-track-title=\"Programiranje\" data-session-id=\"1217\"><div class=\"wcb-session-cell-content\"><a class=\"wcpt-session-title\" href=\"https:\/\/zagreb.wordcamp.org\/2017\/session\/moj-prvi-wordpress-plugin\/\">Moj prvi WordPress plugin<\/a> <span class=\"wcpt-session-speakers\"><a href=\"https:\/\/zagreb.wordcamp.org\/2017\/speakers\/#wcorg-speaker-konrad-leon-toldy\">Konrad Leon Toldy<\/a><\/span><\/div><div class=\"wcb-session-favourite-icon\"><a href=\"#\" role=\"button\" class=\"fav-session-button\" aria-pressed=\"false\"><span class=\"screen-reader-text\">Favorite session: Moj prvi WordPress plugin<\/span><span class=\"dashicons dashicons-star-filled\"><\/span><\/a><\/div><\/td><\/tr><tr class=\"wcpt-time-1300 global-session pauza-za-ruak-lunch-break\"><td class=\"wcpt-time\">13:00<\/td><td colspan=\"1\" class=\"wcb-track-biznis wcb-track-osobni-razvoj wcb-track-razvoj wcb-track-radionice-za-klince wcpt-session-type-custom wcb-session-lunch-break\" data-track-title=\"Biznis, Osobni razvoj, Programiranje, Za klince\" data-session-id=\"1183\"><div class=\"wcb-session-cell-content\"><span class=\"wcpt-session-title\">Pauza za ru\u010dak \/ Lunch break<\/span><\/div><\/td><\/tr><tr class=\"wcpt-time-1430 global-session moderni-razvoj-web-stranica\"><td class=\"wcpt-time\">14:30<\/td><td colspan=\"1\" class=\"wcb-speaker-tomislav-cukelj-2 wcb-track-razvoj wcpt-session-type-session wcb-session-moderni-razvoj-web-stranica\" data-track-title=\"Programiranje\" data-session-id=\"1162\"><div class=\"wcb-session-cell-content\"><a class=\"wcpt-session-title\" href=\"https:\/\/zagreb.wordcamp.org\/2017\/session\/moderni-razvoj-web-stranica\/\">Moderni razvoj web stranica<\/a> <span class=\"wcpt-session-speakers\"><a href=\"https:\/\/zagreb.wordcamp.org\/2017\/speakers\/#wcorg-speaker-tomislav-cukelj-2\">Tomislav \u010cukelj<\/a><\/span><\/div><div class=\"wcb-session-favourite-icon\"><a href=\"#\" role=\"button\" class=\"fav-session-button\" aria-pressed=\"false\"><span class=\"screen-reader-text\">Favorite session: Moderni razvoj web stranica<\/span><span class=\"dashicons dashicons-star-filled\"><\/span><\/a><\/div><\/td><\/tr><\/tbody><\/table>\n<h3>Osobni razvoj<\/h3>\n<table class=\"wcpt-schedule\" border=\"0\"><thead><tr><th class=\"wcpt-col-time\">Time<\/th><th class=\"wcpt-col-track\"> <span class=\"wcpt-track-name\">Osobni razvoj<\/span> <span class=\"wcpt-track-description\"><\/span> <\/th><\/tr><\/thead><tbody><tr class=\"wcpt-time-0830 global-session registracija-registration\"><td class=\"wcpt-time\">08:30<\/td><td colspan=\"1\" class=\"wcb-track-biznis wcb-track-osobni-razvoj wcb-track-razvoj wcb-track-radionice-za-klince wcpt-session-type-custom wcb-session-registracija\" data-track-title=\"Biznis, Osobni razvoj, Programiranje, Za klince\" data-session-id=\"1186\"><div class=\"wcb-session-cell-content\"><span class=\"wcpt-session-title\">Registracija \/ Registration<\/span><\/div><\/td><\/tr><tr class=\"wcpt-time-0900 global-session english-the-art-of-public-speaking\"><td class=\"wcpt-time\">09:00<\/td><td colspan=\"1\" class=\"wcb-speaker-luca-sartoni wcb-track-osobni-razvoj wcpt-session-type-session wcb-session-english-the-art-of-public-speaking\" data-track-title=\"Osobni razvoj\" data-session-id=\"1219\"><div class=\"wcb-session-cell-content\"><a class=\"wcpt-session-title\" href=\"https:\/\/zagreb.wordcamp.org\/2017\/session\/english-the-art-of-public-speaking\/\">[English] The Art of Public Speaking<\/a> <span class=\"wcpt-session-speakers\"><a href=\"https:\/\/zagreb.wordcamp.org\/2017\/speakers\/#wcorg-speaker-luca-sartoni\">Luca Sartoni<\/a><\/span><\/div><div class=\"wcb-session-favourite-icon\"><a href=\"#\" role=\"button\" class=\"fav-session-button\" aria-pressed=\"false\"><span class=\"screen-reader-text\">Favorite session: [English] The Art of Public Speaking<\/span><span class=\"dashicons dashicons-star-filled\"><\/span><\/a><\/div><\/td><\/tr><tr class=\"wcpt-time-1100 global-session english-the-irresistible-power-of-strategic-storytelling\"><td class=\"wcpt-time\">11:00<\/td><td colspan=\"1\" class=\"wcb-speaker-nevena-tomovic wcb-track-osobni-razvoj wcpt-session-type-session wcb-session-english-the-irresistible-power-of-strategic-storytelling\" data-track-title=\"Osobni razvoj\" data-session-id=\"1221\"><div class=\"wcb-session-cell-content\"><a class=\"wcpt-session-title\" href=\"https:\/\/zagreb.wordcamp.org\/2017\/session\/english-the-irresistible-power-of-strategic-storytelling\/\">[English] The Irresistible Power of Strategic Storytelling<\/a> <span class=\"wcpt-session-speakers\"><a href=\"https:\/\/zagreb.wordcamp.org\/2017\/speakers\/#wcorg-speaker-nevena-tomovic\">Nevena Tomovi\u0107<\/a><\/span><\/div><div class=\"wcb-session-favourite-icon\"><a href=\"#\" role=\"button\" class=\"fav-session-button\" aria-pressed=\"false\"><span class=\"screen-reader-text\">Favorite session: [English] The Irresistible Power of Strategic Storytelling<\/span><span class=\"dashicons dashicons-star-filled\"><\/span><\/a><\/div><\/td><\/tr><tr class=\"wcpt-time-1300 global-session pauza-za-ruak-lunch-break\"><td class=\"wcpt-time\">13:00<\/td><td colspan=\"1\" class=\"wcb-track-biznis wcb-track-osobni-razvoj wcb-track-razvoj wcb-track-radionice-za-klince wcpt-session-type-custom wcb-session-lunch-break\" data-track-title=\"Biznis, Osobni razvoj, Programiranje, Za klince\" data-session-id=\"1183\"><div class=\"wcb-session-cell-content\"><span class=\"wcpt-session-title\">Pauza za ru\u010dak \/ Lunch break<\/span><\/div><\/td><\/tr><tr class=\"wcpt-time-1430 global-session lijepo-pisanje\"><td class=\"wcpt-time\">14:30<\/td><td colspan=\"1\" class=\"wcb-speaker-bozica-brkan wcb-track-osobni-razvoj wcpt-session-type-session wcb-session-lijepo-pisanje\" data-track-title=\"Osobni razvoj\" data-session-id=\"1209\"><div class=\"wcb-session-cell-content\"><a class=\"wcpt-session-title\" href=\"https:\/\/zagreb.wordcamp.org\/2017\/session\/lijepo-pisanje\/\">Lijepo pisanje<\/a> <span class=\"wcpt-session-speakers\"><a href=\"https:\/\/zagreb.wordcamp.org\/2017\/speakers\/#wcorg-speaker-bozica-brkan\">Bo\u017eica Brkan<\/a><\/span><\/div><div class=\"wcb-session-favourite-icon\"><a href=\"#\" role=\"button\" class=\"fav-session-button\" aria-pressed=\"false\"><span class=\"screen-reader-text\">Favorite session: Lijepo pisanje<\/span><span class=\"dashicons dashicons-star-filled\"><\/span><\/a><\/div><\/td><\/tr><\/tbody><\/table>\n<p>&nbsp;<\/p>\n<h2>Napomene<\/h2>\n<ul>\n<li>Radionice se odr\u017eavaju u\u00a0<strong>petak, 1. rujna 2017.<\/strong>\u00a0s po\u010detkom u <strong>9:00, 11:00 i 14:30 sati<\/strong><\/li>\n<li>Mjesto odr\u017eavanja je\u00a0<strong>Visoko u\u010dili\u0161te Algebra,\u00a0Ilica 242, Zagreb<\/strong><\/li>\n<li>Kod <strong>prijave na radionice za djecu ostavite va\u0161 email kao roditelja<\/strong>, kako bismo vam mogli poslati informacije o samim radionicama<\/li>\n<li>Po radionici imamo osigurano\u00a0<strong>16 mjesta<\/strong>, a ovisno o broju prijavljenih za neke radionice \u0107emo osigurati i vi\u0161e mjesta<\/li>\n<li>U slu\u010daju ve\u0107eg interesa,\u00a0<strong>prednost \u0107e imati oni s\u00a0<a href=\"https:\/\/2017.zagreb.wordcamp.org\/tickets\/\">kupljenom kartom<\/a>\u00a0za WordCamp Zagreb<\/strong><\/li>\n<li>Svima koji se prijave na radionicu \u0107emo poslati dodatnu obavijest o samoj radionici\u00a0<strong>tjedan dana prije po\u010detka<\/strong>, a dodatne informacije \u0107emo objavljivati na\u00a0<strong>na\u0161oj internet stranici ili putem\u00a0<a href=\"https:\/\/www.facebook.com\/WordCampCroatia\/\">Facebook stranice<\/a><\/strong><\/li>\n<li>Prije prijave na radionice putem donje kontakt forme molimo vas da pro\u010ditate detaljnije informacije o svakoj radionici te da se ovisno o tome odlu\u010dite koje radionice \u017eelite slu\u0161ati. Kako je broj mjesta ograni\u010den<\/li>\n<\/ul>\n<p>&nbsp;<\/p>\n<h2>Prijava na radionice<\/h2>\n<p>Na radionice se mo\u017eete prijaviti preko donje kontakt forme, tako da odaberete radionicu koju \u017eelite slu\u0161ati\u00a0u ponu\u0111enom terminu.<\/p>\n<ul>\n<li>Mo\u017eete odabrati po jednu radionicu u svakom od termina<\/li>\n<li>Ukoliko prijavljujete svoje dijete, pod\u00a0<strong>Ime i prezime<\/strong> i\u00a0<strong>Email adresa<\/strong> upi\u0161ite ime i prezime djeteta te email adresu ako je ima. Ukoliko je nema upi\u0161ite svoju email adresu. Pod\u00a0<strong>Poruka<\/strong> ostavite svoje kontakt podatke (Ime i prezime, Email, Broj telefona, te bilo \u0161to dodatno \u0161to bismo morali znati)<\/li>\n<\/ul>\n<hr \/>\n<p><strong>PRIJAVE NA RADIONICE SU ZATVORENE!<\/strong><br \/>\nSvi koji su se prijavili dobit \u0107e email do kraja dana u utorak, 29. 8. sa statusom prijave i dodatnim informacijama.<\/p>\n","protected":false},"excerpt":{"rendered":"<p>Radionice se odr\u017eavaju u petak, 1. rujna 2017. u Visokom u\u010dili\u0161tu Algebra, Ilica 242, Zagreb\u00a0i besplatne su za sve, ali u slu\u010daju ve\u0107eg interesa prednost \u0107e imati oni s kupljenom kartom za WordCamp Zagreb. Ve\u0107ina radionica je na hrvatskom jeziku, a radionice na engleskom jeziku ozna\u010dene su oznakom [English]. Radi se o radionicama &#8220;Learn how [&hellip;]<\/p>\n","protected":false},"author":12019359,"featured_media":0,"parent":7,"menu_order":0,"comment_status":"closed","ping_status":"closed","template":"","meta":{"jetpack_post_was_ever_published":false,"footnotes":""},"class_list":["post-1189","page","type-page","status-publish","hentry"],"jetpack_sharing_enabled":true,"jetpack_shortlink":"https:\/\/wp.me\/P8r9dL-jb","_links":{"self":[{"href":"https:\/\/zagreb.wordcamp.org\/2017\/wp-json\/wp\/v2\/pages\/1189","targetHints":{"allow":["GET"]}}],"collection":[{"href":"https:\/\/zagreb.wordcamp.org\/2017\/wp-json\/wp\/v2\/pages"}],"about":[{"href":"https:\/\/zagreb.wordcamp.org\/2017\/wp-json\/wp\/v2\/types\/page"}],"author":[{"embeddable":true,"href":"https:\/\/zagreb.wordcamp.org\/2017\/wp-json\/wp\/v2\/users\/12019359"}],"replies":[{"embeddable":true,"href":"https:\/\/zagreb.wordcamp.org\/2017\/wp-json\/wp\/v2\/comments?post=1189"}],"version-history":[{"count":25,"href":"https:\/\/zagreb.wordcamp.org\/2017\/wp-json\/wp\/v2\/pages\/1189\/revisions"}],"predecessor-version":[{"id":1791,"href":"https:\/\/zagreb.wordcamp.org\/2017\/wp-json\/wp\/v2\/pages\/1189\/revisions\/1791"}],"up":[{"embeddable":true,"href":"https:\/\/zagreb.wordcamp.org\/2017\/wp-json\/wp\/v2\/pages\/7"}],"wp:attachment":[{"href":"https:\/\/zagreb.wordcamp.org\/2017\/wp-json\/wp\/v2\/media?parent=1189"}],"curies":[{"name":"wp","href":"https:\/\/api.w.org\/{rel}","templated":true}]}}